{"id":47390,"date":"2022-04-26T11:05:17","date_gmt":"2022-04-26T10:05:17","guid":{"rendered":"https:\/\/www.hagerwerken.de\/katalog\/unkategorisiert\/bio-xray\/"},"modified":"2022-04-26T11:05:17","modified_gmt":"2022-04-26T10:05:17","slug":"bio-xray","status":"publish","type":"product","link":"https:\/\/www.hagerwerken.de\/en\/katalog\/bioline-en\/bio-xray\/","title":{"rendered":"Bio Xray"},"content":{"rendered":"<p><strong>Hygienische Schutzh\u00fcllen f\u00fcr R\u00f6ntgenkameras<\/strong><\/p>\n<ul>\n<li>Gute Passform und Stabilit\u00e4t<\/li>\n<li>Gr\u00f6\u00dfe Schutzh\u00fclle 350 x 240 x 750 mm<\/li>\n<li>Einfache Handhabung<\/li>\n<li>Biologisch abbaubar<\/li>\n<\/ul>\n","protected":false},"excerpt":{"rendered":"<p>Hygienische Schutzh\u00fcllen f\u00fcr R\u00f6ntgenkameras Gute Passform und Stabilit\u00e4t Gr\u00f6\u00dfe Schutzh\u00fclle 350 x 240 x 750 mm Einfache Handhabung Biologisch abbaubar<\/p>\n","protected":false},"featured_media":44729,"comment_status":"closed","ping_status":"closed","template":"","meta":{"_links_to":"","_links_to_target":""},"_links":{"self":[{"href":"https:\/\/www.hagerwerken.de\/en\/wp-json\/wp\/v2\/product\/47390"}],"collection":[{"href":"https:\/\/www.hagerwerken.de\/en\/wp-json\/wp\/v2\/product"}],"about":[{"href":"https:\/\/www.hagerwerken.de\/en\/wp-json\/wp\/v2\/types\/product"}],"replies":[{"embeddable":true,"href":"https:\/\/www.hagerwerken.de\/en\/wp-json\/wp\/v2\/comments?post=47390"}],"wp:featuredmedia":[{"embeddable":true,"href":"https:\/\/www.hagerwerken.de\/en\/wp-json\/wp\/v2\/media\/44729"}],"wp:attachment":[{"href":"https:\/\/www.hagerwerken.de\/en\/wp-json\/wp\/v2\/media?parent=47390"}],"curies":[{"name":"wp","href":"https:\/\/api.w.org\/{rel}","templated":true}]}}